{"id":753,"date":"2024-09-19T10:23:47","date_gmt":"2024-09-19T08:23:47","guid":{"rendered":"https:\/\/breidbachgrabpflege.de\/assets\/?page_id=753"},"modified":"2024-09-20T08:56:22","modified_gmt":"2024-09-20T06:56:22","slug":"jobs","status":"publish","type":"page","link":"https:\/\/breidbachgrabpflege.de\/assets\/jobs\/","title":{"rendered":"Jobs"},"content":{"rendered":"\t\t<div data-elementor-type=\"wp-post\" data-elementor-id=\"753\" class=\"elementor elementor-753\" data-elementor-post-type=\"page\">\n\t\t\t\t\t\t<section class=\"elementor-section elementor-top-section elementor-element elementor-element-4f474606 elementor-section-stretched elementor-section-boxed elementor-section-height-default elementor-section-height-default\" data-id=\"4f474606\" data-element_type=\"section\" data-e-type=\"section\" data-settings=\"{&quot;stretch_section&quot;:&quot;section-stretched&quot;}\">\n\t\t\t\t\t\t<div class=\"elementor-container elementor-column-gap-default\">\n\t\t\t\t\t<div class=\"elementor-column elementor-col-100 elementor-top-column elementor-element elementor-element-1baa3dcd\" data-id=\"1baa3dcd\" data-element_type=\"column\" data-e-type=\"column\">\n\t\t\t<div class=\"elementor-widget-wrap elementor-element-populated\">\n\t\t\t\t\t\t<div class=\"elementor-element elementor-element-22424d0a elementor-widget elementor-widget-heading\" data-id=\"22424d0a\" data-element_type=\"widget\" data-e-type=\"widget\" data-widget_type=\"heading.default\">\n\t\t\t\t<div class=\"elementor-widget-container\">\n\t\t\t\t\t<h1 class=\"elementor-heading-title elementor-size-large\">Wir suchen Dich!<\/h1>\t\t\t\t<\/div>\n\t\t\t\t<\/div>\n\t\t\t\t<div class=\"elementor-element elementor-element-4bef8342 elementor-widget__width-initial elementor-widget elementor-widget-text-editor\" data-id=\"4bef8342\" data-element_type=\"widget\" data-e-type=\"widget\" data-widget_type=\"text-editor.default\">\n\t\t\t\t<div class=\"elementor-widget-container\">\n\t\t\t\t\t\t\t\t\t<p>Sie sind l\u00e4nger schon auf der Jobsuche, l\u00e4nger schon als ein Jahr? Kein Problem!&nbsp;<\/p>\n<p>Bewerben Sie sich einfach bei uns, wir bringen Sie wieder zur\u00fcck in den Job.<\/p>\t\t\t\t\t\t\t\t<\/div>\n\t\t\t\t<\/div>\n\t\t\t\t\t<\/div>\n\t\t<\/div>\n\t\t\t\t\t<\/div>\n\t\t<\/section>\n\t\t<div class=\"elementor-element elementor-element-d72db58 e-flex e-con-boxed e-con e-parent\" data-id=\"d72db58\" data-element_type=\"container\" data-e-type=\"container\">\n\t\t\t\t\t<div class=\"e-con-inner\">\n\t\t<div class=\"elementor-element elementor-element-8921192 e-con-full e-flex e-con e-child\" data-id=\"8921192\" data-element_type=\"container\" data-e-type=\"container\">\n\t\t\t\t<div class=\"elementor-element elementor-element-b403185 elementor-widget elementor-widget-heading\" data-id=\"b403185\" data-element_type=\"widget\" data-e-type=\"widget\" data-widget_type=\"heading.default\">\n\t\t\t\t<div class=\"elementor-widget-container\">\n\t\t\t\t\t<h2 class=\"elementor-heading-title elementor-size-default\">Deine Vorteile<\/h2>\t\t\t\t<\/div>\n\t\t\t\t<\/div>\n\t\t\t\t<div class=\"elementor-element elementor-element-d53c094 elementor-widget elementor-widget-text-editor\" data-id=\"d53c094\" data-element_type=\"widget\" data-e-type=\"widget\" data-widget_type=\"text-editor.default\">\n\t\t\t\t<div class=\"elementor-widget-container\">\n\t\t\t\t\t\t\t\t\t<p>Wenn Sie auf der Suche nach einer erf\u00fcllenden beruflichen Herausforderung sind, bietet Breidbach Grabpflege zahlreiche Vorteile, die den Job besonders attraktiv machen<\/p>\t\t\t\t\t\t\t\t<\/div>\n\t\t\t\t<\/div>\n\t\t\t\t<div class=\"elementor-element elementor-element-3858dc9 elementor-icon-list--layout-traditional elementor-list-item-link-full_width elementor-widget elementor-widget-icon-list\" data-id=\"3858dc9\" data-element_type=\"widget\" data-e-type=\"widget\" data-widget_type=\"icon-list.default\">\n\t\t\t\t<div class=\"elementor-widget-container\">\n\t\t\t\t\t\t\t<ul class=\"elementor-icon-list-items\">\n\t\t\t\t\t\t\t<li class=\"elementor-icon-list-item\">\n\t\t\t\t\t\t\t\t\t\t\t<span class=\"elementor-icon-list-icon\">\n\t\t\t\t\t\t\t<svg aria-hidden=\"true\" class=\"e-font-icon-svg e-fas-check\" viewBox=\"0 0 512 512\" xmlns=\"http:\/\/www.w3.org\/2000\/svg\"><path d=\"M173.898 439.404l-166.4-166.4c-9.997-9.997-9.997-26.206 0-36.204l36.203-36.204c9.997-9.998 26.207-9.998 36.204 0L192 312.69 432.095 72.596c9.997-9.997 26.207-9.997 36.204 0l36.203 36.204c9.997 9.997 9.997 26.206 0 36.204l-294.4 294.401c-9.998 9.997-26.207 9.997-36.204-.001z\"><\/path><\/svg>\t\t\t\t\t\t<\/span>\n\t\t\t\t\t\t\t\t\t\t<span class=\"elementor-icon-list-text\">Sinnvolle Arbeit<\/span>\n\t\t\t\t\t\t\t\t\t<\/li>\n\t\t\t\t\t\t\t\t<li class=\"elementor-icon-list-item\">\n\t\t\t\t\t\t\t\t\t\t\t<span class=\"elementor-icon-list-icon\">\n\t\t\t\t\t\t\t<svg aria-hidden=\"true\" class=\"e-font-icon-svg e-fas-check\" viewBox=\"0 0 512 512\" xmlns=\"http:\/\/www.w3.org\/2000\/svg\"><path d=\"M173.898 439.404l-166.4-166.4c-9.997-9.997-9.997-26.206 0-36.204l36.203-36.204c9.997-9.998 26.207-9.998 36.204 0L192 312.69 432.095 72.596c9.997-9.997 26.207-9.997 36.204 0l36.203 36.204c9.997 9.997 9.997 26.206 0 36.204l-294.4 294.401c-9.998 9.997-26.207 9.997-36.204-.001z\"><\/path><\/svg>\t\t\t\t\t\t<\/span>\n\t\t\t\t\t\t\t\t\t\t<span class=\"elementor-icon-list-text\">Emotionale Erf\u00fcllung<\/span>\n\t\t\t\t\t\t\t\t\t<\/li>\n\t\t\t\t\t\t\t\t<li class=\"elementor-icon-list-item\">\n\t\t\t\t\t\t\t\t\t\t\t<span class=\"elementor-icon-list-icon\">\n\t\t\t\t\t\t\t<svg aria-hidden=\"true\" class=\"e-font-icon-svg e-fas-check\" viewBox=\"0 0 512 512\" xmlns=\"http:\/\/www.w3.org\/2000\/svg\"><path d=\"M173.898 439.404l-166.4-166.4c-9.997-9.997-9.997-26.206 0-36.204l36.203-36.204c9.997-9.998 26.207-9.998 36.204 0L192 312.69 432.095 72.596c9.997-9.997 26.207-9.997 36.204 0l36.203 36.204c9.997 9.997 9.997 26.206 0 36.204l-294.4 294.401c-9.998 9.997-26.207 9.997-36.204-.001z\"><\/path><\/svg>\t\t\t\t\t\t<\/span>\n\t\t\t\t\t\t\t\t\t\t<span class=\"elementor-icon-list-text\">Jobstabilit\u00e4t<\/span>\n\t\t\t\t\t\t\t\t\t<\/li>\n\t\t\t\t\t\t\t\t<li class=\"elementor-icon-list-item\">\n\t\t\t\t\t\t\t\t\t\t\t<span class=\"elementor-icon-list-icon\">\n\t\t\t\t\t\t\t<svg aria-hidden=\"true\" class=\"e-font-icon-svg e-fas-check\" viewBox=\"0 0 512 512\" xmlns=\"http:\/\/www.w3.org\/2000\/svg\"><path d=\"M173.898 439.404l-166.4-166.4c-9.997-9.997-9.997-26.206 0-36.204l36.203-36.204c9.997-9.998 26.207-9.998 36.204 0L192 312.69 432.095 72.596c9.997-9.997 26.207-9.997 36.204 0l36.203 36.204c9.997 9.997 9.997 26.206 0 36.204l-294.4 294.401c-9.998 9.997-26.207 9.997-36.204-.001z\"><\/path><\/svg>\t\t\t\t\t\t<\/span>\n\t\t\t\t\t\t\t\t\t\t<span class=\"elementor-icon-list-text\">Gutes Betriebsklima<\/span>\n\t\t\t\t\t\t\t\t\t<\/li>\n\t\t\t\t\t\t\t\t<li class=\"elementor-icon-list-item\">\n\t\t\t\t\t\t\t\t\t\t\t<span class=\"elementor-icon-list-icon\">\n\t\t\t\t\t\t\t<svg aria-hidden=\"true\" class=\"e-font-icon-svg e-fas-check\" viewBox=\"0 0 512 512\" xmlns=\"http:\/\/www.w3.org\/2000\/svg\"><path d=\"M173.898 439.404l-166.4-166.4c-9.997-9.997-9.997-26.206 0-36.204l36.203-36.204c9.997-9.998 26.207-9.998 36.204 0L192 312.69 432.095 72.596c9.997-9.997 26.207-9.997 36.204 0l36.203 36.204c9.997 9.997 9.997 26.206 0 36.204l-294.4 294.401c-9.998 9.997-26.207 9.997-36.204-.001z\"><\/path><\/svg>\t\t\t\t\t\t<\/span>\n\t\t\t\t\t\t\t\t\t\t<span class=\"elementor-icon-list-text\">Physische Aktivit\u00e4t<\/span>\n\t\t\t\t\t\t\t\t\t<\/li>\n\t\t\t\t\t\t\t\t<li class=\"elementor-icon-list-item\">\n\t\t\t\t\t\t\t\t\t\t\t<span class=\"elementor-icon-list-icon\">\n\t\t\t\t\t\t\t<svg aria-hidden=\"true\" class=\"e-font-icon-svg e-fas-check\" viewBox=\"0 0 512 512\" xmlns=\"http:\/\/www.w3.org\/2000\/svg\"><path d=\"M173.898 439.404l-166.4-166.4c-9.997-9.997-9.997-26.206 0-36.204l36.203-36.204c9.997-9.998 26.207-9.998 36.204 0L192 312.69 432.095 72.596c9.997-9.997 26.207-9.997 36.204 0l36.203 36.204c9.997 9.997 9.997 26.206 0 36.204l-294.4 294.401c-9.998 9.997-26.207 9.997-36.204-.001z\"><\/path><\/svg>\t\t\t\t\t\t<\/span>\n\t\t\t\t\t\t\t\t\t\t<span class=\"elementor-icon-list-text\">Entwicklungsm\u00f6glichkeiten<\/span>\n\t\t\t\t\t\t\t\t\t<\/li>\n\t\t\t\t\t\t\t\t<li class=\"elementor-icon-list-item\">\n\t\t\t\t\t\t\t\t\t\t\t<span class=\"elementor-icon-list-icon\">\n\t\t\t\t\t\t\t<svg aria-hidden=\"true\" class=\"e-font-icon-svg e-fas-check\" viewBox=\"0 0 512 512\" xmlns=\"http:\/\/www.w3.org\/2000\/svg\"><path d=\"M173.898 439.404l-166.4-166.4c-9.997-9.997-9.997-26.206 0-36.204l36.203-36.204c9.997-9.998 26.207-9.998 36.204 0L192 312.69 432.095 72.596c9.997-9.997 26.207-9.997 36.204 0l36.203 36.204c9.997 9.997 9.997 26.206 0 36.204l-294.4 294.401c-9.998 9.997-26.207 9.997-36.204-.001z\"><\/path><\/svg>\t\t\t\t\t\t<\/span>\n\t\t\t\t\t\t\t\t\t\t<span class=\"elementor-icon-list-text\">Gemeinschaftsengagement<\/span>\n\t\t\t\t\t\t\t\t\t<\/li>\n\t\t\t\t\t\t<\/ul>\n\t\t\t\t\t\t<\/div>\n\t\t\t\t<\/div>\n\t\t\t\t<div class=\"elementor-element elementor-element-8cf13ee elementor-align-left elementor-mobile-align-left elementor-hidden-mobile elementor-widget elementor-widget-button\" data-id=\"8cf13ee\" data-element_type=\"widget\" data-e-type=\"widget\" data-widget_type=\"button.default\">\n\t\t\t\t<div class=\"elementor-widget-container\">\n\t\t\t\t\t\t\t\t\t<div class=\"elementor-button-wrapper\">\n\t\t\t\t\t<a class=\"elementor-button elementor-button-link elementor-size-sm\" href=\"\/kontakt\/\">\n\t\t\t\t\t\t<span class=\"elementor-button-content-wrapper\">\n\t\t\t\t\t\t\t\t\t<span class=\"elementor-button-text\">HABEN SIE NOCH R\u00dcCKFRAGEN?<\/span>\n\t\t\t\t\t<\/span>\n\t\t\t\t\t<\/a>\n\t\t\t\t<\/div>\n\t\t\t\t\t\t\t\t<\/div>\n\t\t\t\t<\/div>\n\t\t\t\t<\/div>\n\t\t<div class=\"elementor-element elementor-element-ec5d480 e-con-full e-flex e-con e-child\" data-id=\"ec5d480\" data-element_type=\"container\" data-e-type=\"container\">\n\t\t\t\t<div class=\"elementor-element elementor-element-60b4543 elementor-widget elementor-widget-heading\" data-id=\"60b4543\" data-element_type=\"widget\" data-e-type=\"widget\" data-widget_type=\"heading.default\">\n\t\t\t\t<div class=\"elementor-widget-container\">\n\t\t\t\t\t<h2 class=\"elementor-heading-title elementor-size-default\">Hier Bewerben:<\/h2>\t\t\t\t<\/div>\n\t\t\t\t<\/div>\n\t\t\t\t<div class=\"elementor-element elementor-element-ddee18c elementor-widget elementor-widget-html\" data-id=\"ddee18c\" data-element_type=\"widget\" data-e-type=\"widget\" data-widget_type=\"html.default\">\n\t\t\t\t<div class=\"elementor-widget-container\">\n\t\t\t\t\t<div id=\"join-widget\">\r\n        <script\r\n          defer\r\n          type=\"text\/javascript\"\r\n          data-mount-in=\"#join-widget\"\r\n          src=\"https:\/\/join.com\/api\/widget\/bundle\/eyJhbGciOiJIUzI1NiIsInR5cCI6IkpXVCJ9.eyJzZXR0aW5ncyI6eyJzaG93Q2F0ZWdvcnlGaWx0ZXIiOnRydWUsInNob3dMb2NhdGlvbkZpbHRlciI6dHJ1ZSwic2hvd0VtcGxveW1lbnRUeXBlRmlsdGVyIjp0cnVlLCJsYW5ndWFnZSI6ImRlIiwiam9ic1BlclBhZ2UiOjI1fSwiam9icyI6e30sImRlc2lnbiI6eyJzaG93TG9nbyI6dHJ1ZSwic2hvd0xvY2F0aW9uIjp0cnVlLCJzaG93RW1wbG95bWVudFR5cGUiOnRydWUsInNob3dDYXRlZ29yeSI6dHJ1ZSwiY29sb3JzIjp7IndpZGdldCI6eyJiYWNrZ3JvdW5kIjoiI0ZGRkZGRiIsImZpbHRlckJvcmRlciI6IiNENEQ0RDgiLCJwYWdpbmF0aW9uIjoiIzI1NjNFQiJ9LCJqb2JDYXJkIjp7InNoYWRvdyI6IiNENEQ0RDgiLCJiYWNrZ3JvdW5kIjoiI0ZGRkZGRiIsInByaW1hcnlUZXh0IjoiIzNGM0Y0NiIsInNlY29uZGFyeVRleHQiOiIjNTI1MjVCIn19fSwidmVyc2lvbiI6MiwiY29tcGFueVB1YmxpY0lkIjoiOTlkMzlkM2FlYjc2YzViNjA0MWYxZGQ4OTg3YWJiYmQiLCJpYXQiOjE3MjY3NTgzNjcsImp0aSI6ImQ1YzI3MWE1LWY5MzctNDBmOS1hNTRlLWM1MmQ0OWVkN2RhNiJ9.iESZ0DJLSPfN5faFYtc_5PMSyLDGr5X0NANRP5g3rY0\"\r\n        ><\/script>\r\n      <\/div>\t\t\t\t<\/div>\n\t\t\t\t<\/div>\n\t\t\t\t<div class=\"elementor-element elementor-element-64aa2e0 elementor-align-left elementor-mobile-align-center elementor-hidden-desktop elementor-widget elementor-widget-button\" data-id=\"64aa2e0\" data-element_type=\"widget\" data-e-type=\"widget\" data-widget_type=\"button.default\">\n\t\t\t\t<div class=\"elementor-widget-container\">\n\t\t\t\t\t\t\t\t\t<div class=\"elementor-button-wrapper\">\n\t\t\t\t\t<a class=\"elementor-button elementor-button-link elementor-size-sm\" href=\"\/kontakt\/\">\n\t\t\t\t\t\t<span class=\"elementor-button-content-wrapper\">\n\t\t\t\t\t\t\t\t\t<span class=\"elementor-button-text\">HABEN SIE NOCH R\u00dcCKFRAGEN?<\/span>\n\t\t\t\t\t<\/span>\n\t\t\t\t\t<\/a>\n\t\t\t\t<\/div>\n\t\t\t\t\t\t\t\t<\/div>\n\t\t\t\t<\/div>\n\t\t\t\t<\/div>\n\t\t\t\t\t<\/div>\n\t\t\t\t<\/div>\n\t\t\t\t<\/div>\n\t\t","protected":false},"excerpt":{"rendered":"<p>Wir suchen Dich! Sie sind l\u00e4nger schon auf der Jobsuche, l\u00e4nger schon als ein Jahr? Kein Problem!&nbsp; Bewerben Sie sich einfach bei uns, wir bringen Sie wieder zur\u00fcck in den Job. Deine Vorteile Wenn Sie auf der Suche nach einer erf\u00fcllenden beruflichen Herausforderung sind, bietet Breidbach Grabpflege zahlreiche Vorteile, die den Job besonders attraktiv machen [&hellip;]<\/p>\n","protected":false},"author":2,"featured_media":0,"parent":0,"menu_order":0,"comment_status":"closed","ping_status":"closed","template":"","meta":{"footnotes":""},"class_list":["post-753","page","type-page","status-publish","hentry"],"yoast_head":"<!-- This site is optimized with the Yoast SEO plugin v27.5 - https:\/\/yoast.com\/product\/yoast-seo-wordpress\/ -->\n<title>Jobs - Breidbach Grabpflege<\/title>\n<meta name=\"robots\" content=\"index, follow, max-snippet:-1, max-image-preview:large, max-video-preview:-1\" \/>\n<link rel=\"canonical\" href=\"https:\/\/breidbachgrabpflege.de\/assets\/jobs\/\" \/>\n<meta property=\"og:locale\" content=\"en_US\" \/>\n<meta property=\"og:type\" content=\"article\" \/>\n<meta property=\"og:title\" content=\"Jobs - Breidbach Grabpflege\" \/>\n<meta property=\"og:description\" content=\"Wir suchen Dich! Sie sind l\u00e4nger schon auf der Jobsuche, l\u00e4nger schon als ein Jahr? Kein Problem!&nbsp; Bewerben Sie sich einfach bei uns, wir bringen Sie wieder zur\u00fcck in den Job. Deine Vorteile Wenn Sie auf der Suche nach einer erf\u00fcllenden beruflichen Herausforderung sind, bietet Breidbach Grabpflege zahlreiche Vorteile, die den Job besonders attraktiv machen [&hellip;]\" \/>\n<meta property=\"og:url\" content=\"https:\/\/breidbachgrabpflege.de\/assets\/jobs\/\" \/>\n<meta property=\"og:site_name\" content=\"Breidbach Grabpflege\" \/>\n<meta property=\"article:modified_time\" content=\"2024-09-20T06:56:22+00:00\" \/>\n<meta name=\"twitter:card\" content=\"summary_large_image\" \/>\n<meta name=\"twitter:label1\" content=\"Est. reading time\" \/>\n\t<meta name=\"twitter:data1\" content=\"1 minute\" \/>\n<script type=\"application\/ld+json\" class=\"yoast-schema-graph\">{\"@context\":\"https:\\\/\\\/schema.org\",\"@graph\":[{\"@type\":\"WebPage\",\"@id\":\"https:\\\/\\\/breidbachgrabpflege.de\\\/assets\\\/jobs\\\/\",\"url\":\"https:\\\/\\\/breidbachgrabpflege.de\\\/assets\\\/jobs\\\/\",\"name\":\"Jobs - Breidbach Grabpflege\",\"isPartOf\":{\"@id\":\"https:\\\/\\\/breidbachgrabpflege.de\\\/assets\\\/#website\"},\"datePublished\":\"2024-09-19T08:23:47+00:00\",\"dateModified\":\"2024-09-20T06:56:22+00:00\",\"breadcrumb\":{\"@id\":\"https:\\\/\\\/breidbachgrabpflege.de\\\/assets\\\/jobs\\\/#breadcrumb\"},\"inLanguage\":\"en-US\",\"potentialAction\":[{\"@type\":\"ReadAction\",\"target\":[\"https:\\\/\\\/breidbachgrabpflege.de\\\/assets\\\/jobs\\\/\"]}]},{\"@type\":\"BreadcrumbList\",\"@id\":\"https:\\\/\\\/breidbachgrabpflege.de\\\/assets\\\/jobs\\\/#breadcrumb\",\"itemListElement\":[{\"@type\":\"ListItem\",\"position\":1,\"name\":\"Startseite\",\"item\":\"https:\\\/\\\/breidbachgrabpflege.de\\\/assets\\\/\"},{\"@type\":\"ListItem\",\"position\":2,\"name\":\"Jobs\"}]},{\"@type\":\"WebSite\",\"@id\":\"https:\\\/\\\/breidbachgrabpflege.de\\\/assets\\\/#website\",\"url\":\"https:\\\/\\\/breidbachgrabpflege.de\\\/assets\\\/\",\"name\":\"Breidbach Grabpflege\",\"description\":\"\",\"publisher\":{\"@id\":\"https:\\\/\\\/breidbachgrabpflege.de\\\/assets\\\/#organization\"},\"potentialAction\":[{\"@type\":\"SearchAction\",\"target\":{\"@type\":\"EntryPoint\",\"urlTemplate\":\"https:\\\/\\\/breidbachgrabpflege.de\\\/assets\\\/?s={search_term_string}\"},\"query-input\":{\"@type\":\"PropertyValueSpecification\",\"valueRequired\":true,\"valueName\":\"search_term_string\"}}],\"inLanguage\":\"en-US\"},{\"@type\":\"Organization\",\"@id\":\"https:\\\/\\\/breidbachgrabpflege.de\\\/assets\\\/#organization\",\"name\":\"Breidbach Grabpflege\",\"url\":\"https:\\\/\\\/breidbachgrabpflege.de\\\/assets\\\/\",\"logo\":{\"@type\":\"ImageObject\",\"inLanguage\":\"en-US\",\"@id\":\"https:\\\/\\\/breidbachgrabpflege.de\\\/assets\\\/#\\\/schema\\\/logo\\\/image\\\/\",\"url\":\"https:\\\/\\\/breidbachgrabpflege.de\\\/assets\\\/wp-content\\\/uploads\\\/2019\\\/07\\\/Breidbach-Logo_Web_2.png\",\"contentUrl\":\"https:\\\/\\\/breidbachgrabpflege.de\\\/assets\\\/wp-content\\\/uploads\\\/2019\\\/07\\\/Breidbach-Logo_Web_2.png\",\"width\":653,\"height\":123,\"caption\":\"Breidbach Grabpflege\"},\"image\":{\"@id\":\"https:\\\/\\\/breidbachgrabpflege.de\\\/assets\\\/#\\\/schema\\\/logo\\\/image\\\/\"}}]}<\/script>\n<!-- \/ Yoast SEO plugin. -->","yoast_head_json":{"title":"Jobs - Breidbach Grabpflege","robots":{"index":"index","follow":"follow","max-snippet":"max-snippet:-1","max-image-preview":"max-image-preview:large","max-video-preview":"max-video-preview:-1"},"canonical":"https:\/\/breidbachgrabpflege.de\/assets\/jobs\/","og_locale":"en_US","og_type":"article","og_title":"Jobs - Breidbach Grabpflege","og_description":"Wir suchen Dich! Sie sind l\u00e4nger schon auf der Jobsuche, l\u00e4nger schon als ein Jahr? Kein Problem!&nbsp; Bewerben Sie sich einfach bei uns, wir bringen Sie wieder zur\u00fcck in den Job. Deine Vorteile Wenn Sie auf der Suche nach einer erf\u00fcllenden beruflichen Herausforderung sind, bietet Breidbach Grabpflege zahlreiche Vorteile, die den Job besonders attraktiv machen [&hellip;]","og_url":"https:\/\/breidbachgrabpflege.de\/assets\/jobs\/","og_site_name":"Breidbach Grabpflege","article_modified_time":"2024-09-20T06:56:22+00:00","twitter_card":"summary_large_image","twitter_misc":{"Est. reading time":"1 minute"},"schema":{"@context":"https:\/\/schema.org","@graph":[{"@type":"WebPage","@id":"https:\/\/breidbachgrabpflege.de\/assets\/jobs\/","url":"https:\/\/breidbachgrabpflege.de\/assets\/jobs\/","name":"Jobs - Breidbach Grabpflege","isPartOf":{"@id":"https:\/\/breidbachgrabpflege.de\/assets\/#website"},"datePublished":"2024-09-19T08:23:47+00:00","dateModified":"2024-09-20T06:56:22+00:00","breadcrumb":{"@id":"https:\/\/breidbachgrabpflege.de\/assets\/jobs\/#breadcrumb"},"inLanguage":"en-US","potentialAction":[{"@type":"ReadAction","target":["https:\/\/breidbachgrabpflege.de\/assets\/jobs\/"]}]},{"@type":"BreadcrumbList","@id":"https:\/\/breidbachgrabpflege.de\/assets\/jobs\/#breadcrumb","itemListElement":[{"@type":"ListItem","position":1,"name":"Startseite","item":"https:\/\/breidbachgrabpflege.de\/assets\/"},{"@type":"ListItem","position":2,"name":"Jobs"}]},{"@type":"WebSite","@id":"https:\/\/breidbachgrabpflege.de\/assets\/#website","url":"https:\/\/breidbachgrabpflege.de\/assets\/","name":"Breidbach Grabpflege","description":"","publisher":{"@id":"https:\/\/breidbachgrabpflege.de\/assets\/#organization"},"potentialAction":[{"@type":"SearchAction","target":{"@type":"EntryPoint","urlTemplate":"https:\/\/breidbachgrabpflege.de\/assets\/?s={search_term_string}"},"query-input":{"@type":"PropertyValueSpecification","valueRequired":true,"valueName":"search_term_string"}}],"inLanguage":"en-US"},{"@type":"Organization","@id":"https:\/\/breidbachgrabpflege.de\/assets\/#organization","name":"Breidbach Grabpflege","url":"https:\/\/breidbachgrabpflege.de\/assets\/","logo":{"@type":"ImageObject","inLanguage":"en-US","@id":"https:\/\/breidbachgrabpflege.de\/assets\/#\/schema\/logo\/image\/","url":"https:\/\/breidbachgrabpflege.de\/assets\/wp-content\/uploads\/2019\/07\/Breidbach-Logo_Web_2.png","contentUrl":"https:\/\/breidbachgrabpflege.de\/assets\/wp-content\/uploads\/2019\/07\/Breidbach-Logo_Web_2.png","width":653,"height":123,"caption":"Breidbach Grabpflege"},"image":{"@id":"https:\/\/breidbachgrabpflege.de\/assets\/#\/schema\/logo\/image\/"}}]}},"_links":{"self":[{"href":"https:\/\/breidbachgrabpflege.de\/assets\/wp-json\/wp\/v2\/pages\/753","targetHints":{"allow":["GET"]}}],"collection":[{"href":"https:\/\/breidbachgrabpflege.de\/assets\/wp-json\/wp\/v2\/pages"}],"about":[{"href":"https:\/\/breidbachgrabpflege.de\/assets\/wp-json\/wp\/v2\/types\/page"}],"author":[{"embeddable":true,"href":"https:\/\/breidbachgrabpflege.de\/assets\/wp-json\/wp\/v2\/users\/2"}],"replies":[{"embeddable":true,"href":"https:\/\/breidbachgrabpflege.de\/assets\/wp-json\/wp\/v2\/comments?post=753"}],"version-history":[{"count":37,"href":"https:\/\/breidbachgrabpflege.de\/assets\/wp-json\/wp\/v2\/pages\/753\/revisions"}],"predecessor-version":[{"id":802,"href":"https:\/\/breidbachgrabpflege.de\/assets\/wp-json\/wp\/v2\/pages\/753\/revisions\/802"}],"wp:attachment":[{"href":"https:\/\/breidbachgrabpflege.de\/assets\/wp-json\/wp\/v2\/media?parent=753"}],"curies":[{"name":"wp","href":"https:\/\/api.w.org\/{rel}","templated":true}]}}