{"id":42,"date":"2019-06-30T19:40:10","date_gmt":"2019-06-30T17:40:10","guid":{"rendered":"http:\/\/www.breidbachgrabpflege.de\/?page_id=42"},"modified":"2026-04-01T17:22:41","modified_gmt":"2026-04-01T15:22:41","slug":"impressum","status":"publish","type":"page","link":"https:\/\/breidbachgrabpflege.de\/assets\/impressum\/","title":{"rendered":"Impressum"},"content":{"rendered":"\t\t<div data-elementor-type=\"wp-post\" data-elementor-id=\"42\" class=\"elementor elementor-42\" data-elementor-post-type=\"page\">\n\t\t\t\t\t\t<section class=\"elementor-section elementor-top-section elementor-element elementor-element-de0a656 elementor-section-stretched elementor-section-boxed elementor-section-height-default elementor-section-height-default elementor-invisible\" data-id=\"de0a656\" data-element_type=\"section\" data-e-type=\"section\" data-settings=\"{&quot;stretch_section&quot;:&quot;section-stretched&quot;,&quot;animation&quot;:&quot;fadeIn&quot;}\">\n\t\t\t\t\t\t<div class=\"elementor-container elementor-column-gap-default\">\n\t\t\t\t\t<div class=\"elementor-column elementor-col-100 elementor-top-column elementor-element elementor-element-59ae0f5\" data-id=\"59ae0f5\" data-element_type=\"column\" data-e-type=\"column\">\n\t\t\t<div class=\"elementor-widget-wrap elementor-element-populated\">\n\t\t\t\t\t\t<div class=\"elementor-element elementor-element-8b90efd elementor-widget elementor-widget-heading\" data-id=\"8b90efd\" data-element_type=\"widget\" data-e-type=\"widget\" data-widget_type=\"heading.default\">\n\t\t\t\t<div class=\"elementor-widget-container\">\n\t\t\t\t\t<h1 class=\"elementor-heading-title elementor-size-large\">Impressum<\/h1>\t\t\t\t<\/div>\n\t\t\t\t<\/div>\n\t\t\t\t\t<\/div>\n\t\t<\/div>\n\t\t\t\t\t<\/div>\n\t\t<\/section>\n\t\t\t\t<section class=\"elementor-section elementor-top-section elementor-element elementor-element-46256318 elementor-section-stretched elementor-section-boxed elementor-section-height-default elementor-section-height-default\" data-id=\"46256318\" data-element_type=\"section\" data-e-type=\"section\" data-settings=\"{&quot;stretch_section&quot;:&quot;section-stretched&quot;}\">\n\t\t\t\t\t\t<div class=\"elementor-container elementor-column-gap-default\">\n\t\t\t\t\t<div class=\"elementor-column elementor-col-50 elementor-top-column elementor-element elementor-element-7b15366c\" data-id=\"7b15366c\" data-element_type=\"column\" data-e-type=\"column\" data-settings=\"{&quot;background_background&quot;:&quot;classic&quot;}\">\n\t\t\t<div class=\"elementor-widget-wrap elementor-element-populated\">\n\t\t\t\t\t\t<div class=\"elementor-element elementor-element-bd34000 elementor-invisible elementor-widget elementor-widget-text-editor\" data-id=\"bd34000\" data-element_type=\"widget\" data-e-type=\"widget\" data-settings=\"{&quot;_animation&quot;:&quot;fadeIn&quot;}\" data-widget_type=\"text-editor.default\">\n\t\t\t\t<div class=\"elementor-widget-container\">\n\t\t\t\t\t\t\t\t\t<h2>Angaben gem\u00e4\u00df \u00a7 5 DDG:<\/h2>\n<p>Klaus Peter Breidbach<br>Friedhofsg\u00e4rtnerei Meisterbetrieb<br>Klotzstr. 16<br>53639 K\u00f6nigswinter<\/p>\n<p>Postfach 102103 42365 Haan \u2013 Gruiten<\/p>\n<h2>Kontakt<\/h2>\n<p>Telefon:&nbsp;&nbsp;+49 2223 26707<br>Telefax: +49 2104 967865<br>E-Mail: breidbachgrabpflege@t-online.de<\/p>\n<h2>Steuernummer<\/h2>\n<p>Steuernummer: 135\/5030\/2583<\/p>\n<h2>Streitschlichtung<\/h2>\n<p>Die Europ\u00e4ische Kommission stellt eine Plattform zur Online-Streitbeilegung (OS) bereit: <a href=\"https:\/\/ec.europa.eu\/consumers\/odr\" target=\"_blank\" rel=\"noopener noreferrer\">https:\/\/ec.europa.eu\/consumers\/odr<\/a>.<br>Unsere E-Mail-Adresse finden Sie oben im Impressum.<\/p>\n<p>Wir sind nicht bereit oder verpflichtet, an Streitbeilegungsverfahren vor einer Verbraucherschlichtungsstelle teilzunehmen.<\/p>\n<h3>Haftung f\u00fcr Inhalte<\/h3>\n<p>Als Diensteanbieter sind wir gem\u00e4\u00df \u00a7 7 Abs.1 DDG f\u00fcr eigene Inhalte auf diesen Seiten nach den allgemeinen Gesetzen verantwortlich. Nach \u00a7\u00a7 8 bis 10 DDG sind wir als Diensteanbieter jedoch nicht verpflichtet, \u00fcbermittelte oder gespeicherte fremde Informationen zu \u00fcberwachen oder nach Umst\u00e4nden zu forschen, die auf eine rechtswidrige T\u00e4tigkeit hinweisen.<\/p>\n<p>Verpflichtungen zur Entfernung oder Sperrung der Nutzung von Informationen nach den allgemeinen Gesetzen bleiben hiervon unber\u00fchrt. Eine diesbez\u00fcgliche Haftung ist jedoch erst ab dem Zeitpunkt der Kenntnis einer konkreten Rechtsverletzung m\u00f6glich. Bei Bekanntwerden von entsprechenden Rechtsverletzungen werden wir diese Inhalte umgehend entfernen.<\/p>\n<h3>Haftung f\u00fcr Links<\/h3>\n<p>Unser Angebot enth\u00e4lt Links zu externen Websites Dritter, auf deren Inhalte wir keinen Einfluss haben. Deshalb k\u00f6nnen wir f\u00fcr diese fremden Inhalte auch keine Gew\u00e4hr \u00fcbernehmen. F\u00fcr die Inhalte der verlinkten Seiten ist stets der jeweilige Anbieter oder Betreiber der Seiten verantwortlich. Die verlinkten Seiten wurden zum Zeitpunkt der Verlinkung auf m\u00f6gliche Rechtsverst\u00f6\u00dfe \u00fcberpr\u00fcft. Rechtswidrige Inhalte waren zum Zeitpunkt der Verlinkung nicht erkennbar.<\/p>\n<p>Eine permanente inhaltliche Kontrolle der verlinkten Seiten ist jedoch ohne konkrete Anhaltspunkte einer Rechtsverletzung nicht zumutbar. Bei Bekanntwerden von Rechtsverletzungen werden wir derartige Links umgehend entfernen.<\/p>\n<h3>Urheberrecht<\/h3>\n<p>Die durch die Seitenbetreiber erstellten Inhalte und Werke auf diesen Seiten unterliegen dem deutschen Urheberrecht. Die Vervielf\u00e4ltigung, Bearbeitung, Verbreitung und jede Art der Verwertung au\u00dferhalb der Grenzen des Urheberrechtes bed\u00fcrfen der schriftlichen Zustimmung des jeweiligen Autors bzw. Erstellers. Downloads und Kopien dieser Seite sind nur f\u00fcr den privaten, nicht kommerziellen Gebrauch gestattet.<\/p>\n<p>Soweit die Inhalte auf dieser Seite nicht vom Betreiber erstellt wurden, werden die Urheberrechte Dritter beachtet. Insbesondere werden Inhalte Dritter als solche gekennzeichnet. Sollten Sie trotzdem auf eine Urheberrechtsverletzung aufmerksam werden, bitten wir um einen entsprechenden Hinweis. Bei Bekanntwerden von Rechtsverletzungen werden wir derartige Inhalte umgehend entfernen.<\/p>\t\t\t\t\t\t\t\t<\/div>\n\t\t\t\t<\/div>\n\t\t\t\t\t<\/div>\n\t\t<\/div>\n\t\t\t\t<div class=\"elementor-column elementor-col-50 elementor-top-column elementor-element elementor-element-599ad1c4\" data-id=\"599ad1c4\" data-element_type=\"column\" data-e-type=\"column\" data-settings=\"{&quot;background_background&quot;:&quot;classic&quot;}\">\n\t\t\t<div class=\"elementor-widget-wrap\">\n\t\t\t\t\t\t\t<\/div>\n\t\t<\/div>\n\t\t\t\t\t<\/div>\n\t\t<\/section>\n\t\t\t\t<section class=\"elementor-section elementor-top-section elementor-element elementor-element-d8ae9aa elementor-section-stretched elementor-section-boxed elementor-section-height-default elementor-section-height-default\" data-id=\"d8ae9aa\" data-element_type=\"section\" data-e-type=\"section\" data-settings=\"{&quot;stretch_section&quot;:&quot;section-stretched&quot;}\">\n\t\t\t\t\t\t<div class=\"elementor-container elementor-column-gap-default\">\n\t\t\t\t\t<div class=\"elementor-column elementor-col-100 elementor-top-column elementor-element elementor-element-1e592a6\" data-id=\"1e592a6\" data-element_type=\"column\" data-e-type=\"column\">\n\t\t\t<div class=\"elementor-widget-wrap elementor-element-populated\">\n\t\t\t\t\t\t<div class=\"elementor-element elementor-element-77eaec5 elementor-invisible elementor-widget elementor-widget-heading\" data-id=\"77eaec5\" data-element_type=\"widget\" data-e-type=\"widget\" data-settings=\"{&quot;_animation&quot;:&quot;fadeIn&quot;}\" data-widget_type=\"heading.default\">\n\t\t\t\t<div class=\"elementor-widget-container\">\n\t\t\t\t\t<h1 class=\"elementor-heading-title elementor-size-large\">Konzeption, Realisierung und Programmierung<\/h1>\t\t\t\t<\/div>\n\t\t\t\t<\/div>\n\t\t\t\t<div class=\"elementor-element elementor-element-af2026e elementor-invisible elementor-widget elementor-widget-text-editor\" data-id=\"af2026e\" data-element_type=\"widget\" data-e-type=\"widget\" data-settings=\"{&quot;_animation&quot;:&quot;fadeIn&quot;}\" data-widget_type=\"text-editor.default\">\n\t\t\t\t<div class=\"elementor-widget-container\">\n\t\t\t\t\t\t\t\t\t<h3><span style=\"color: #333300;\"><a style=\"color: #333300;\" href=\"http:\/\/werbago.com\/\">WERBAGO GmbH, Solingen<\/a><\/span><\/h3>\t\t\t\t\t\t\t\t<\/div>\n\t\t\t\t<\/div>\n\t\t\t\t<div class=\"elementor-element elementor-element-69f1620 elementor-invisible elementor-widget elementor-widget-image\" data-id=\"69f1620\" data-element_type=\"widget\" data-e-type=\"widget\" data-settings=\"{&quot;_animation&quot;:&quot;fadeInLeft&quot;}\" data-widget_type=\"image.default\">\n\t\t\t\t<div class=\"elementor-widget-container\">\n\t\t\t\t\t\t\t\t\t\t\t\t\t\t\t\t<a href=\"http:\/\/www.werbago.com\">\n\t\t\t\t\t\t\t<img fetchpriority=\"high\" decoding=\"async\" width=\"400\" height=\"148\" src=\"https:\/\/breidbachgrabpflege.de\/assets\/wp-content\/uploads\/2019\/07\/B22331_FB-Banner-400x148.png\" class=\"attachment-full size-full wp-image-145\" alt=\"\" srcset=\"https:\/\/breidbachgrabpflege.de\/assets\/wp-content\/uploads\/2019\/07\/B22331_FB-Banner-400x148.png 400w, https:\/\/breidbachgrabpflege.de\/assets\/wp-content\/uploads\/2019\/07\/B22331_FB-Banner-400x148-300x111.png 300w\" sizes=\"(max-width: 400px) 100vw, 400px\" \/>\t\t\t\t\t\t\t\t<\/a>\n\t\t\t\t\t\t\t\t\t\t\t\t\t\t\t<\/div>\n\t\t\t\t<\/div>\n\t\t\t\t<div class=\"elementor-element elementor-element-7695271 elementor-widget elementor-widget-image\" data-id=\"7695271\" data-element_type=\"widget\" data-e-type=\"widget\" data-widget_type=\"image.default\">\n\t\t\t\t<div class=\"elementor-widget-container\">\n\t\t\t\t\t\t\t\t\t\t\t\t\t\t\t\t<a href=\"http:\/\/www.werbago.com\">\n\t\t\t\t\t\t\t<img decoding=\"async\" width=\"800\" height=\"202\" data-src=\"https:\/\/breidbachgrabpflege.de\/assets\/wp-content\/uploads\/2019\/07\/01-1024x259.png\" class=\"attachment-large size-large wp-image-526 lazyload\" alt=\"\" data-srcset=\"https:\/\/breidbachgrabpflege.de\/assets\/wp-content\/uploads\/2019\/07\/01-1024x259.png 1024w, https:\/\/breidbachgrabpflege.de\/assets\/wp-content\/uploads\/2019\/07\/01-300x76.png 300w, https:\/\/breidbachgrabpflege.de\/assets\/wp-content\/uploads\/2019\/07\/01-768x194.png 768w\" data-sizes=\"(max-width: 800px) 100vw, 800px\" src=\"data:image\/svg+xml;base64,PHN2ZyB3aWR0aD0iMSIgaGVpZ2h0PSIxIiB4bWxucz0iaHR0cDovL3d3dy53My5vcmcvMjAwMC9zdmciPjwvc3ZnPg==\" style=\"--smush-placeholder-width: 800px; --smush-placeholder-aspect-ratio: 800\/202;\" \/>\t\t\t\t\t\t\t\t<\/a>\n\t\t\t\t\t\t\t\t\t\t\t\t\t\t\t<\/div>\n\t\t\t\t<\/div>\n\t\t\t\t<div class=\"elementor-element elementor-element-41afcbc elementor-invisible elementor-widget elementor-widget-text-editor\" data-id=\"41afcbc\" data-element_type=\"widget\" data-e-type=\"widget\" data-settings=\"{&quot;_animation&quot;:&quot;fadeIn&quot;}\" data-widget_type=\"text-editor.default\">\n\t\t\t\t<div class=\"elementor-widget-container\">\n\t\t\t\t\t\t\t\t\t<p><span style=\"color: #333300;\"><a style=\"color: #333300;\" href=\"http:\/\/werbago.com\/\">\u00a9 WERBAGO GmbH<\/a><\/span><\/p>\t\t\t\t\t\t\t\t<\/div>\n\t\t\t\t<\/div>\n\t\t\t\t\t<\/div>\n\t\t<\/div>\n\t\t\t\t\t<\/div>\n\t\t<\/section>\n\t\t\t\t<\/div>\n\t\t","protected":false},"excerpt":{"rendered":"<p>Impressum Angaben gem\u00e4\u00df \u00a7 5 DDG: Klaus Peter BreidbachFriedhofsg\u00e4rtnerei MeisterbetriebKlotzstr. 1653639 K\u00f6nigswinter Postfach 102103 42365 Haan \u2013 Gruiten Kontakt Telefon:&nbsp;&nbsp;+49 2223 26707Telefax: +49 2104 967865E-Mail: breidbachgrabpflege@t-online.de Steuernummer Steuernummer: 135\/5030\/2583 Streitschlichtung Die Europ\u00e4ische Kommission stellt eine Plattform zur Online-Streitbeilegung (OS) bereit: https:\/\/ec.europa.eu\/consumers\/odr.Unsere E-Mail-Adresse finden Sie oben im Impressum. Wir sind nicht bereit oder verpflichtet, an Streitbeilegungsverfahren [&hellip;]<\/p>\n","protected":false},"author":2,"featured_media":0,"parent":0,"menu_order":0,"comment_status":"closed","ping_status":"closed","template":"","meta":{"footnotes":""},"class_list":["post-42","page","type-page","status-publish","hentry"],"yoast_head":"<!-- This site is optimized with the Yoast SEO plugin v27.3 - https:\/\/yoast.com\/product\/yoast-seo-wordpress\/ -->\n<title>Impressum - Breidbach Grabpflege<\/title>\n<meta name=\"robots\" content=\"index, follow, max-snippet:-1, max-image-preview:large, max-video-preview:-1\" \/>\n<link rel=\"canonical\" href=\"https:\/\/breidbachgrabpflege.de\/assets\/impressum\/\" \/>\n<meta property=\"og:locale\" content=\"en_US\" \/>\n<meta property=\"og:type\" content=\"article\" \/>\n<meta property=\"og:title\" content=\"Impressum - Breidbach Grabpflege\" \/>\n<meta property=\"og:description\" content=\"Impressum Angaben gem\u00e4\u00df \u00a7 5 DDG: Klaus Peter BreidbachFriedhofsg\u00e4rtnerei MeisterbetriebKlotzstr. 1653639 K\u00f6nigswinter Postfach 102103 42365 Haan \u2013 Gruiten Kontakt Telefon:&nbsp;&nbsp;+49 2223 26707Telefax: +49 2104 967865E-Mail: breidbachgrabpflege@t-online.de Steuernummer Steuernummer: 135\/5030\/2583 Streitschlichtung Die Europ\u00e4ische Kommission stellt eine Plattform zur Online-Streitbeilegung (OS) bereit: https:\/\/ec.europa.eu\/consumers\/odr.Unsere E-Mail-Adresse finden Sie oben im Impressum. Wir sind nicht bereit oder verpflichtet, an Streitbeilegungsverfahren [&hellip;]\" \/>\n<meta property=\"og:url\" content=\"https:\/\/breidbachgrabpflege.de\/assets\/impressum\/\" \/>\n<meta property=\"og:site_name\" content=\"Breidbach Grabpflege\" \/>\n<meta property=\"article:modified_time\" content=\"2026-04-01T15:22:41+00:00\" \/>\n<meta property=\"og:image\" content=\"https:\/\/breidbachgrabpflege.de\/assets\/wp-content\/uploads\/2019\/07\/B22331_FB-Banner-400x148.png\" \/>\n\t<meta property=\"og:image:width\" content=\"400\" \/>\n\t<meta property=\"og:image:height\" content=\"148\" \/>\n\t<meta property=\"og:image:type\" content=\"image\/png\" \/>\n<meta name=\"twitter:card\" content=\"summary_large_image\" \/>\n<meta name=\"twitter:label1\" content=\"Est. reading time\" \/>\n\t<meta name=\"twitter:data1\" content=\"2 minutes\" \/>\n<script type=\"application\/ld+json\" class=\"yoast-schema-graph\">{\"@context\":\"https:\\\/\\\/schema.org\",\"@graph\":[{\"@type\":\"WebPage\",\"@id\":\"https:\\\/\\\/breidbachgrabpflege.de\\\/assets\\\/impressum\\\/\",\"url\":\"https:\\\/\\\/breidbachgrabpflege.de\\\/assets\\\/impressum\\\/\",\"name\":\"Impressum - Breidbach Grabpflege\",\"isPartOf\":{\"@id\":\"https:\\\/\\\/breidbachgrabpflege.de\\\/assets\\\/#website\"},\"primaryImageOfPage\":{\"@id\":\"https:\\\/\\\/breidbachgrabpflege.de\\\/assets\\\/impressum\\\/#primaryimage\"},\"image\":{\"@id\":\"https:\\\/\\\/breidbachgrabpflege.de\\\/assets\\\/impressum\\\/#primaryimage\"},\"thumbnailUrl\":\"https:\\\/\\\/breidbachgrabpflege.de\\\/assets\\\/wp-content\\\/uploads\\\/2019\\\/07\\\/B22331_FB-Banner-400x148.png\",\"datePublished\":\"2019-06-30T17:40:10+00:00\",\"dateModified\":\"2026-04-01T15:22:41+00:00\",\"breadcrumb\":{\"@id\":\"https:\\\/\\\/breidbachgrabpflege.de\\\/assets\\\/impressum\\\/#breadcrumb\"},\"inLanguage\":\"en-US\",\"potentialAction\":[{\"@type\":\"ReadAction\",\"target\":[\"https:\\\/\\\/breidbachgrabpflege.de\\\/assets\\\/impressum\\\/\"]}]},{\"@type\":\"ImageObject\",\"inLanguage\":\"en-US\",\"@id\":\"https:\\\/\\\/breidbachgrabpflege.de\\\/assets\\\/impressum\\\/#primaryimage\",\"url\":\"https:\\\/\\\/breidbachgrabpflege.de\\\/assets\\\/wp-content\\\/uploads\\\/2019\\\/07\\\/B22331_FB-Banner-400x148.png\",\"contentUrl\":\"https:\\\/\\\/breidbachgrabpflege.de\\\/assets\\\/wp-content\\\/uploads\\\/2019\\\/07\\\/B22331_FB-Banner-400x148.png\",\"width\":400,\"height\":148},{\"@type\":\"BreadcrumbList\",\"@id\":\"https:\\\/\\\/breidbachgrabpflege.de\\\/assets\\\/impressum\\\/#breadcrumb\",\"itemListElement\":[{\"@type\":\"ListItem\",\"position\":1,\"name\":\"Startseite\",\"item\":\"https:\\\/\\\/breidbachgrabpflege.de\\\/assets\\\/\"},{\"@type\":\"ListItem\",\"position\":2,\"name\":\"Impressum\"}]},{\"@type\":\"WebSite\",\"@id\":\"https:\\\/\\\/breidbachgrabpflege.de\\\/assets\\\/#website\",\"url\":\"https:\\\/\\\/breidbachgrabpflege.de\\\/assets\\\/\",\"name\":\"Breidbach Grabpflege\",\"description\":\"\",\"publisher\":{\"@id\":\"https:\\\/\\\/breidbachgrabpflege.de\\\/assets\\\/#organization\"},\"potentialAction\":[{\"@type\":\"SearchAction\",\"target\":{\"@type\":\"EntryPoint\",\"urlTemplate\":\"https:\\\/\\\/breidbachgrabpflege.de\\\/assets\\\/?s={search_term_string}\"},\"query-input\":{\"@type\":\"PropertyValueSpecification\",\"valueRequired\":true,\"valueName\":\"search_term_string\"}}],\"inLanguage\":\"en-US\"},{\"@type\":\"Organization\",\"@id\":\"https:\\\/\\\/breidbachgrabpflege.de\\\/assets\\\/#organization\",\"name\":\"Breidbach Grabpflege\",\"url\":\"https:\\\/\\\/breidbachgrabpflege.de\\\/assets\\\/\",\"logo\":{\"@type\":\"ImageObject\",\"inLanguage\":\"en-US\",\"@id\":\"https:\\\/\\\/breidbachgrabpflege.de\\\/assets\\\/#\\\/schema\\\/logo\\\/image\\\/\",\"url\":\"https:\\\/\\\/breidbachgrabpflege.de\\\/assets\\\/wp-content\\\/uploads\\\/2019\\\/07\\\/Breidbach-Logo_Web_2.png\",\"contentUrl\":\"https:\\\/\\\/breidbachgrabpflege.de\\\/assets\\\/wp-content\\\/uploads\\\/2019\\\/07\\\/Breidbach-Logo_Web_2.png\",\"width\":653,\"height\":123,\"caption\":\"Breidbach Grabpflege\"},\"image\":{\"@id\":\"https:\\\/\\\/breidbachgrabpflege.de\\\/assets\\\/#\\\/schema\\\/logo\\\/image\\\/\"}}]}<\/script>\n<!-- \/ Yoast SEO plugin. -->","yoast_head_json":{"title":"Impressum - Breidbach Grabpflege","robots":{"index":"index","follow":"follow","max-snippet":"max-snippet:-1","max-image-preview":"max-image-preview:large","max-video-preview":"max-video-preview:-1"},"canonical":"https:\/\/breidbachgrabpflege.de\/assets\/impressum\/","og_locale":"en_US","og_type":"article","og_title":"Impressum - Breidbach Grabpflege","og_description":"Impressum Angaben gem\u00e4\u00df \u00a7 5 DDG: Klaus Peter BreidbachFriedhofsg\u00e4rtnerei MeisterbetriebKlotzstr. 1653639 K\u00f6nigswinter Postfach 102103 42365 Haan \u2013 Gruiten Kontakt Telefon:&nbsp;&nbsp;+49 2223 26707Telefax: +49 2104 967865E-Mail: breidbachgrabpflege@t-online.de Steuernummer Steuernummer: 135\/5030\/2583 Streitschlichtung Die Europ\u00e4ische Kommission stellt eine Plattform zur Online-Streitbeilegung (OS) bereit: https:\/\/ec.europa.eu\/consumers\/odr.Unsere E-Mail-Adresse finden Sie oben im Impressum. Wir sind nicht bereit oder verpflichtet, an Streitbeilegungsverfahren [&hellip;]","og_url":"https:\/\/breidbachgrabpflege.de\/assets\/impressum\/","og_site_name":"Breidbach Grabpflege","article_modified_time":"2026-04-01T15:22:41+00:00","og_image":[{"width":400,"height":148,"url":"https:\/\/breidbachgrabpflege.de\/assets\/wp-content\/uploads\/2019\/07\/B22331_FB-Banner-400x148.png","type":"image\/png"}],"twitter_card":"summary_large_image","twitter_misc":{"Est. reading time":"2 minutes"},"schema":{"@context":"https:\/\/schema.org","@graph":[{"@type":"WebPage","@id":"https:\/\/breidbachgrabpflege.de\/assets\/impressum\/","url":"https:\/\/breidbachgrabpflege.de\/assets\/impressum\/","name":"Impressum - Breidbach Grabpflege","isPartOf":{"@id":"https:\/\/breidbachgrabpflege.de\/assets\/#website"},"primaryImageOfPage":{"@id":"https:\/\/breidbachgrabpflege.de\/assets\/impressum\/#primaryimage"},"image":{"@id":"https:\/\/breidbachgrabpflege.de\/assets\/impressum\/#primaryimage"},"thumbnailUrl":"https:\/\/breidbachgrabpflege.de\/assets\/wp-content\/uploads\/2019\/07\/B22331_FB-Banner-400x148.png","datePublished":"2019-06-30T17:40:10+00:00","dateModified":"2026-04-01T15:22:41+00:00","breadcrumb":{"@id":"https:\/\/breidbachgrabpflege.de\/assets\/impressum\/#breadcrumb"},"inLanguage":"en-US","potentialAction":[{"@type":"ReadAction","target":["https:\/\/breidbachgrabpflege.de\/assets\/impressum\/"]}]},{"@type":"ImageObject","inLanguage":"en-US","@id":"https:\/\/breidbachgrabpflege.de\/assets\/impressum\/#primaryimage","url":"https:\/\/breidbachgrabpflege.de\/assets\/wp-content\/uploads\/2019\/07\/B22331_FB-Banner-400x148.png","contentUrl":"https:\/\/breidbachgrabpflege.de\/assets\/wp-content\/uploads\/2019\/07\/B22331_FB-Banner-400x148.png","width":400,"height":148},{"@type":"BreadcrumbList","@id":"https:\/\/breidbachgrabpflege.de\/assets\/impressum\/#breadcrumb","itemListElement":[{"@type":"ListItem","position":1,"name":"Startseite","item":"https:\/\/breidbachgrabpflege.de\/assets\/"},{"@type":"ListItem","position":2,"name":"Impressum"}]},{"@type":"WebSite","@id":"https:\/\/breidbachgrabpflege.de\/assets\/#website","url":"https:\/\/breidbachgrabpflege.de\/assets\/","name":"Breidbach Grabpflege","description":"","publisher":{"@id":"https:\/\/breidbachgrabpflege.de\/assets\/#organization"},"potentialAction":[{"@type":"SearchAction","target":{"@type":"EntryPoint","urlTemplate":"https:\/\/breidbachgrabpflege.de\/assets\/?s={search_term_string}"},"query-input":{"@type":"PropertyValueSpecification","valueRequired":true,"valueName":"search_term_string"}}],"inLanguage":"en-US"},{"@type":"Organization","@id":"https:\/\/breidbachgrabpflege.de\/assets\/#organization","name":"Breidbach Grabpflege","url":"https:\/\/breidbachgrabpflege.de\/assets\/","logo":{"@type":"ImageObject","inLanguage":"en-US","@id":"https:\/\/breidbachgrabpflege.de\/assets\/#\/schema\/logo\/image\/","url":"https:\/\/breidbachgrabpflege.de\/assets\/wp-content\/uploads\/2019\/07\/Breidbach-Logo_Web_2.png","contentUrl":"https:\/\/breidbachgrabpflege.de\/assets\/wp-content\/uploads\/2019\/07\/Breidbach-Logo_Web_2.png","width":653,"height":123,"caption":"Breidbach Grabpflege"},"image":{"@id":"https:\/\/breidbachgrabpflege.de\/assets\/#\/schema\/logo\/image\/"}}]}},"_links":{"self":[{"href":"https:\/\/breidbachgrabpflege.de\/assets\/wp-json\/wp\/v2\/pages\/42","targetHints":{"allow":["GET"]}}],"collection":[{"href":"https:\/\/breidbachgrabpflege.de\/assets\/wp-json\/wp\/v2\/pages"}],"about":[{"href":"https:\/\/breidbachgrabpflege.de\/assets\/wp-json\/wp\/v2\/types\/page"}],"author":[{"embeddable":true,"href":"https:\/\/breidbachgrabpflege.de\/assets\/wp-json\/wp\/v2\/users\/2"}],"replies":[{"embeddable":true,"href":"https:\/\/breidbachgrabpflege.de\/assets\/wp-json\/wp\/v2\/comments?post=42"}],"version-history":[{"count":18,"href":"https:\/\/breidbachgrabpflege.de\/assets\/wp-json\/wp\/v2\/pages\/42\/revisions"}],"predecessor-version":[{"id":831,"href":"https:\/\/breidbachgrabpflege.de\/assets\/wp-json\/wp\/v2\/pages\/42\/revisions\/831"}],"wp:attachment":[{"href":"https:\/\/breidbachgrabpflege.de\/assets\/wp-json\/wp\/v2\/media?parent=42"}],"curies":[{"name":"wp","href":"https:\/\/api.w.org\/{rel}","templated":true}]}}