{"id":40,"date":"2019-06-30T19:39:59","date_gmt":"2019-06-30T17:39:59","guid":{"rendered":"http:\/\/www.breidbachgrabpflege.de\/?page_id=40"},"modified":"2024-09-19T10:51:40","modified_gmt":"2024-09-19T08:51:40","slug":"kontakt","status":"publish","type":"page","link":"https:\/\/breidbachgrabpflege.de\/assets\/kontakt\/","title":{"rendered":"Kontakt"},"content":{"rendered":"\t\t<div data-elementor-type=\"wp-post\" data-elementor-id=\"40\" class=\"elementor elementor-40\" data-elementor-post-type=\"page\">\n\t\t\t\t\t\t<section class=\"elementor-section elementor-top-section elementor-element elementor-element-4f474606 elementor-section-stretched elementor-section-boxed elementor-section-height-default elementor-section-height-default\" data-id=\"4f474606\" data-element_type=\"section\" data-e-type=\"section\" data-settings=\"{&quot;stretch_section&quot;:&quot;section-stretched&quot;}\">\n\t\t\t\t\t\t<div class=\"elementor-container elementor-column-gap-default\">\n\t\t\t\t\t<div class=\"elementor-column elementor-col-100 elementor-top-column elementor-element elementor-element-1baa3dcd\" data-id=\"1baa3dcd\" data-element_type=\"column\" data-e-type=\"column\">\n\t\t\t<div class=\"elementor-widget-wrap elementor-element-populated\">\n\t\t\t\t\t\t<div class=\"elementor-element elementor-element-22424d0a elementor-widget elementor-widget-heading\" data-id=\"22424d0a\" data-element_type=\"widget\" data-e-type=\"widget\" data-widget_type=\"heading.default\">\n\t\t\t\t<div class=\"elementor-widget-container\">\n\t\t\t\t\t<h1 class=\"elementor-heading-title elementor-size-large\">Kontakt<\/h1>\t\t\t\t<\/div>\n\t\t\t\t<\/div>\n\t\t\t\t<div class=\"elementor-element elementor-element-4bef8342 elementor-widget elementor-widget-text-editor\" data-id=\"4bef8342\" data-element_type=\"widget\" data-e-type=\"widget\" data-widget_type=\"text-editor.default\">\n\t\t\t\t<div class=\"elementor-widget-container\">\n\t\t\t\t\t\t\t\t\t<p>Bitte schicken Sie uns eine Nachricht \u00fcber unsere E-Mail-Adresse,<br \/>wir melden uns bei Ihnen so schnell wie m\u00f6glich. Sie k\u00f6nnen uns<br \/>auch gerne telefonisch kontaktieren!<\/p>\t\t\t\t\t\t\t\t<\/div>\n\t\t\t\t<\/div>\n\t\t\t\t\t<\/div>\n\t\t<\/div>\n\t\t\t\t\t<\/div>\n\t\t<\/section>\n\t\t<div class=\"elementor-element elementor-element-ec7b89c e-flex e-con-boxed e-con e-parent\" data-id=\"ec7b89c\" data-element_type=\"container\" data-e-type=\"container\">\n\t\t\t\t\t<div class=\"e-con-inner\">\n\t\t\t\t<div class=\"elementor-element elementor-element-9864add elementor-shape-rounded elementor-grid-0 e-grid-align-center elementor-widget elementor-widget-social-icons\" data-id=\"9864add\" data-element_type=\"widget\" data-e-type=\"widget\" data-widget_type=\"social-icons.default\">\n\t\t\t\t<div class=\"elementor-widget-container\">\n\t\t\t\t\t\t\t<div class=\"elementor-social-icons-wrapper elementor-grid\" role=\"list\">\n\t\t\t\t\t\t\t<span class=\"elementor-grid-item\" role=\"listitem\">\n\t\t\t\t\t<a class=\"elementor-icon elementor-social-icon elementor-social-icon-phone-alt elementor-repeater-item-6b0fa1c\" href=\"tel:+49210460602\" target=\"_blank\">\n\t\t\t\t\t\t<span class=\"elementor-screen-only\">Phone-alt<\/span>\n\t\t\t\t\t\t<svg aria-hidden=\"true\" class=\"e-font-icon-svg e-fas-phone-alt\" viewBox=\"0 0 512 512\" xmlns=\"http:\/\/www.w3.org\/2000\/svg\"><path d=\"M497.39 361.8l-112-48a24 24 0 0 0-28 6.9l-49.6 60.6A370.66 370.66 0 0 1 130.6 204.11l60.6-49.6a23.94 23.94 0 0 0 6.9-28l-48-112A24.16 24.16 0 0 0 122.6.61l-104 24A24 24 0 0 0 0 48c0 256.5 207.9 464 464 464a24 24 0 0 0 23.4-18.6l24-104a24.29 24.29 0 0 0-14.01-27.6z\"><\/path><\/svg>\t\t\t\t\t<\/a>\n\t\t\t\t<\/span>\n\t\t\t\t\t\t\t<span class=\"elementor-grid-item\" role=\"listitem\">\n\t\t\t\t\t<a class=\"elementor-icon elementor-social-icon elementor-social-icon-envelope elementor-repeater-item-0de10b0\" href=\"mailto:breidbachgrabpflege@t-online.de\" target=\"_blank\">\n\t\t\t\t\t\t<span class=\"elementor-screen-only\">Envelope<\/span>\n\t\t\t\t\t\t<svg aria-hidden=\"true\" class=\"e-font-icon-svg e-fas-envelope\" viewBox=\"0 0 512 512\" xmlns=\"http:\/\/www.w3.org\/2000\/svg\"><path d=\"M502.3 190.8c3.9-3.1 9.7-.2 9.7 4.7V400c0 26.5-21.5 48-48 48H48c-26.5 0-48-21.5-48-48V195.6c0-5 5.7-7.8 9.7-4.7 22.4 17.4 52.1 39.5 154.1 113.6 21.1 15.4 56.7 47.8 92.2 47.6 35.7.3 72-32.8 92.3-47.6 102-74.1 131.6-96.3 154-113.7zM256 320c23.2.4 56.6-29.2 73.4-41.4 132.7-96.3 142.8-104.7 173.4-128.7 5.8-4.5 9.2-11.5 9.2-18.9v-19c0-26.5-21.5-48-48-48H48C21.5 64 0 85.5 0 112v19c0 7.4 3.4 14.3 9.2 18.9 30.6 23.9 40.7 32.4 173.4 128.7 16.8 12.2 50.2 41.8 73.4 41.4z\"><\/path><\/svg>\t\t\t\t\t<\/a>\n\t\t\t\t<\/span>\n\t\t\t\t\t\t\t<span class=\"elementor-grid-item\" role=\"listitem\">\n\t\t\t\t\t<a class=\"elementor-icon elementor-social-icon elementor-social-icon-map-marker-alt elementor-repeater-item-3851a19\" href=\"https:\/\/www.google.com\/maps\/place\/Friedhofsg%C3%A4rtnerei+Klaus+Peter+Breidbach\/@51.2202005,7.009066,17z\/data=!3m1!4b1!4m6!3m5!1s0x47b8d186d734427f:0x54702356bba492d1!8m2!3d51.2202005!4d7.0116409!16s%2Fg%2F1tpn1nb_?entry=ttu\" target=\"_blank\">\n\t\t\t\t\t\t<span class=\"elementor-screen-only\">Map-marker-alt<\/span>\n\t\t\t\t\t\t<svg aria-hidden=\"true\" class=\"e-font-icon-svg e-fas-map-marker-alt\" viewBox=\"0 0 384 512\" xmlns=\"http:\/\/www.w3.org\/2000\/svg\"><path d=\"M172.268 501.67C26.97 291.031 0 269.413 0 192 0 85.961 85.961 0 192 0s192 85.961 192 192c0 77.413-26.97 99.031-172.268 309.67-9.535 13.774-29.93 13.773-39.464 0zM192 272c44.183 0 80-35.817 80-80s-35.817-80-80-80-80 35.817-80 80 35.817 80 80 80z\"><\/path><\/svg>\t\t\t\t\t<\/a>\n\t\t\t\t<\/span>\n\t\t\t\t\t<\/div>\n\t\t\t\t\t\t<\/div>\n\t\t\t\t<\/div>\n\t\t\t\t\t<\/div>\n\t\t\t\t<\/div>\n\t\t\t\t<\/div>\n\t\t","protected":false},"excerpt":{"rendered":"<p>Kontakt Bitte schicken Sie uns eine Nachricht \u00fcber unsere E-Mail-Adresse,wir melden uns bei Ihnen so schnell wie m\u00f6glich. Sie k\u00f6nnen unsauch gerne telefonisch kontaktieren! Phone-alt Envelope Map-marker-alt<\/p>\n","protected":false},"author":2,"featured_media":0,"parent":0,"menu_order":0,"comment_status":"closed","ping_status":"closed","template":"","meta":{"footnotes":""},"class_list":["post-40","page","type-page","status-publish","hentry"],"yoast_head":"<!-- This site is optimized with the Yoast SEO plugin v27.3 - https:\/\/yoast.com\/product\/yoast-seo-wordpress\/ -->\n<title>Kontakt - Breidbach Grabpflege<\/title>\n<meta name=\"robots\" content=\"index, follow, max-snippet:-1, max-image-preview:large, max-video-preview:-1\" \/>\n<link rel=\"canonical\" href=\"https:\/\/breidbachgrabpflege.de\/assets\/kontakt\/\" \/>\n<meta property=\"og:locale\" content=\"en_US\" \/>\n<meta property=\"og:type\" content=\"article\" \/>\n<meta property=\"og:title\" content=\"Kontakt - Breidbach Grabpflege\" \/>\n<meta property=\"og:description\" content=\"Kontakt Bitte schicken Sie uns eine Nachricht \u00fcber unsere E-Mail-Adresse,wir melden uns bei Ihnen so schnell wie m\u00f6glich. Sie k\u00f6nnen unsauch gerne telefonisch kontaktieren! Phone-alt Envelope Map-marker-alt\" \/>\n<meta property=\"og:url\" content=\"https:\/\/breidbachgrabpflege.de\/assets\/kontakt\/\" \/>\n<meta property=\"og:site_name\" content=\"Breidbach Grabpflege\" \/>\n<meta property=\"article:modified_time\" content=\"2024-09-19T08:51:40+00:00\" \/>\n<meta name=\"twitter:card\" content=\"summary_large_image\" \/>\n<meta name=\"twitter:label1\" content=\"Est. reading time\" \/>\n\t<meta name=\"twitter:data1\" content=\"1 minute\" \/>\n<script type=\"application\/ld+json\" class=\"yoast-schema-graph\">{\"@context\":\"https:\\\/\\\/schema.org\",\"@graph\":[{\"@type\":\"WebPage\",\"@id\":\"https:\\\/\\\/breidbachgrabpflege.de\\\/assets\\\/kontakt\\\/\",\"url\":\"https:\\\/\\\/breidbachgrabpflege.de\\\/assets\\\/kontakt\\\/\",\"name\":\"Kontakt - Breidbach Grabpflege\",\"isPartOf\":{\"@id\":\"https:\\\/\\\/breidbachgrabpflege.de\\\/assets\\\/#website\"},\"datePublished\":\"2019-06-30T17:39:59+00:00\",\"dateModified\":\"2024-09-19T08:51:40+00:00\",\"breadcrumb\":{\"@id\":\"https:\\\/\\\/breidbachgrabpflege.de\\\/assets\\\/kontakt\\\/#breadcrumb\"},\"inLanguage\":\"en-US\",\"potentialAction\":[{\"@type\":\"ReadAction\",\"target\":[\"https:\\\/\\\/breidbachgrabpflege.de\\\/assets\\\/kontakt\\\/\"]}]},{\"@type\":\"BreadcrumbList\",\"@id\":\"https:\\\/\\\/breidbachgrabpflege.de\\\/assets\\\/kontakt\\\/#breadcrumb\",\"itemListElement\":[{\"@type\":\"ListItem\",\"position\":1,\"name\":\"Startseite\",\"item\":\"https:\\\/\\\/breidbachgrabpflege.de\\\/assets\\\/\"},{\"@type\":\"ListItem\",\"position\":2,\"name\":\"Kontakt\"}]},{\"@type\":\"WebSite\",\"@id\":\"https:\\\/\\\/breidbachgrabpflege.de\\\/assets\\\/#website\",\"url\":\"https:\\\/\\\/breidbachgrabpflege.de\\\/assets\\\/\",\"name\":\"Breidbach Grabpflege\",\"description\":\"\",\"publisher\":{\"@id\":\"https:\\\/\\\/breidbachgrabpflege.de\\\/assets\\\/#organization\"},\"potentialAction\":[{\"@type\":\"SearchAction\",\"target\":{\"@type\":\"EntryPoint\",\"urlTemplate\":\"https:\\\/\\\/breidbachgrabpflege.de\\\/assets\\\/?s={search_term_string}\"},\"query-input\":{\"@type\":\"PropertyValueSpecification\",\"valueRequired\":true,\"valueName\":\"search_term_string\"}}],\"inLanguage\":\"en-US\"},{\"@type\":\"Organization\",\"@id\":\"https:\\\/\\\/breidbachgrabpflege.de\\\/assets\\\/#organization\",\"name\":\"Breidbach Grabpflege\",\"url\":\"https:\\\/\\\/breidbachgrabpflege.de\\\/assets\\\/\",\"logo\":{\"@type\":\"ImageObject\",\"inLanguage\":\"en-US\",\"@id\":\"https:\\\/\\\/breidbachgrabpflege.de\\\/assets\\\/#\\\/schema\\\/logo\\\/image\\\/\",\"url\":\"https:\\\/\\\/breidbachgrabpflege.de\\\/assets\\\/wp-content\\\/uploads\\\/2019\\\/07\\\/Breidbach-Logo_Web_2.png\",\"contentUrl\":\"https:\\\/\\\/breidbachgrabpflege.de\\\/assets\\\/wp-content\\\/uploads\\\/2019\\\/07\\\/Breidbach-Logo_Web_2.png\",\"width\":653,\"height\":123,\"caption\":\"Breidbach Grabpflege\"},\"image\":{\"@id\":\"https:\\\/\\\/breidbachgrabpflege.de\\\/assets\\\/#\\\/schema\\\/logo\\\/image\\\/\"}}]}<\/script>\n<!-- \/ Yoast SEO plugin. -->","yoast_head_json":{"title":"Kontakt - Breidbach Grabpflege","robots":{"index":"index","follow":"follow","max-snippet":"max-snippet:-1","max-image-preview":"max-image-preview:large","max-video-preview":"max-video-preview:-1"},"canonical":"https:\/\/breidbachgrabpflege.de\/assets\/kontakt\/","og_locale":"en_US","og_type":"article","og_title":"Kontakt - Breidbach Grabpflege","og_description":"Kontakt Bitte schicken Sie uns eine Nachricht \u00fcber unsere E-Mail-Adresse,wir melden uns bei Ihnen so schnell wie m\u00f6glich. Sie k\u00f6nnen unsauch gerne telefonisch kontaktieren! Phone-alt Envelope Map-marker-alt","og_url":"https:\/\/breidbachgrabpflege.de\/assets\/kontakt\/","og_site_name":"Breidbach Grabpflege","article_modified_time":"2024-09-19T08:51:40+00:00","twitter_card":"summary_large_image","twitter_misc":{"Est. reading time":"1 minute"},"schema":{"@context":"https:\/\/schema.org","@graph":[{"@type":"WebPage","@id":"https:\/\/breidbachgrabpflege.de\/assets\/kontakt\/","url":"https:\/\/breidbachgrabpflege.de\/assets\/kontakt\/","name":"Kontakt - Breidbach Grabpflege","isPartOf":{"@id":"https:\/\/breidbachgrabpflege.de\/assets\/#website"},"datePublished":"2019-06-30T17:39:59+00:00","dateModified":"2024-09-19T08:51:40+00:00","breadcrumb":{"@id":"https:\/\/breidbachgrabpflege.de\/assets\/kontakt\/#breadcrumb"},"inLanguage":"en-US","potentialAction":[{"@type":"ReadAction","target":["https:\/\/breidbachgrabpflege.de\/assets\/kontakt\/"]}]},{"@type":"BreadcrumbList","@id":"https:\/\/breidbachgrabpflege.de\/assets\/kontakt\/#breadcrumb","itemListElement":[{"@type":"ListItem","position":1,"name":"Startseite","item":"https:\/\/breidbachgrabpflege.de\/assets\/"},{"@type":"ListItem","position":2,"name":"Kontakt"}]},{"@type":"WebSite","@id":"https:\/\/breidbachgrabpflege.de\/assets\/#website","url":"https:\/\/breidbachgrabpflege.de\/assets\/","name":"Breidbach Grabpflege","description":"","publisher":{"@id":"https:\/\/breidbachgrabpflege.de\/assets\/#organization"},"potentialAction":[{"@type":"SearchAction","target":{"@type":"EntryPoint","urlTemplate":"https:\/\/breidbachgrabpflege.de\/assets\/?s={search_term_string}"},"query-input":{"@type":"PropertyValueSpecification","valueRequired":true,"valueName":"search_term_string"}}],"inLanguage":"en-US"},{"@type":"Organization","@id":"https:\/\/breidbachgrabpflege.de\/assets\/#organization","name":"Breidbach Grabpflege","url":"https:\/\/breidbachgrabpflege.de\/assets\/","logo":{"@type":"ImageObject","inLanguage":"en-US","@id":"https:\/\/breidbachgrabpflege.de\/assets\/#\/schema\/logo\/image\/","url":"https:\/\/breidbachgrabpflege.de\/assets\/wp-content\/uploads\/2019\/07\/Breidbach-Logo_Web_2.png","contentUrl":"https:\/\/breidbachgrabpflege.de\/assets\/wp-content\/uploads\/2019\/07\/Breidbach-Logo_Web_2.png","width":653,"height":123,"caption":"Breidbach Grabpflege"},"image":{"@id":"https:\/\/breidbachgrabpflege.de\/assets\/#\/schema\/logo\/image\/"}}]}},"_links":{"self":[{"href":"https:\/\/breidbachgrabpflege.de\/assets\/wp-json\/wp\/v2\/pages\/40","targetHints":{"allow":["GET"]}}],"collection":[{"href":"https:\/\/breidbachgrabpflege.de\/assets\/wp-json\/wp\/v2\/pages"}],"about":[{"href":"https:\/\/breidbachgrabpflege.de\/assets\/wp-json\/wp\/v2\/types\/page"}],"author":[{"embeddable":true,"href":"https:\/\/breidbachgrabpflege.de\/assets\/wp-json\/wp\/v2\/users\/2"}],"replies":[{"embeddable":true,"href":"https:\/\/breidbachgrabpflege.de\/assets\/wp-json\/wp\/v2\/comments?post=40"}],"version-history":[{"count":12,"href":"https:\/\/breidbachgrabpflege.de\/assets\/wp-json\/wp\/v2\/pages\/40\/revisions"}],"predecessor-version":[{"id":752,"href":"https:\/\/breidbachgrabpflege.de\/assets\/wp-json\/wp\/v2\/pages\/40\/revisions\/752"}],"wp:attachment":[{"href":"https:\/\/breidbachgrabpflege.de\/assets\/wp-json\/wp\/v2\/media?parent=40"}],"curies":[{"name":"wp","href":"https:\/\/api.w.org\/{rel}","templated":true}]}}